{"id":1299,"date":"2019-07-23T16:52:16","date_gmt":"2019-07-23T16:52:16","guid":{"rendered":"https:\/\/www.juva.com\/esprit-bio\/"},"modified":"2025-02-19T16:11:00","modified_gmt":"2025-02-19T16:11:00","slug":"esprit-bio","status":"publish","type":"page","link":"https:\/\/www.juva.com\/en\/esprit-bio\/","title":{"rendered":"Esprit Bio"},"content":{"rendered":"<div class=\"wpb-content-wrapper\"><p>[vc_row row_height_percent=&#8221;50&#8243; back_image=&#8221;561&#8243; back_repeat=&#8221;no-repeat&#8221; back_position=&#8221;center center&#8221; overlay_color=&#8221;color-jevc&#8221; overlay_alpha=&#8221;16&#8243; gutter_size=&#8221;3&#8243; column_width_percent=&#8221;100&#8243; shift_y=&#8221;0&#8243; z_index=&#8221;0&#8243; content_parallax=&#8221;0&#8243; uncode_shortcode_id=&#8221;150505&#8243; overlay_color_type=&#8221;uncode-palette&#8221;][vc_column column_width_percent=&#8221;100&#8243; position_vertical=&#8221;middle&#8221; align_horizontal=&#8221;align_center&#8221; gutter_size=&#8221;3&#8243; overlay_alpha=&#8221;50&#8243; shift_x=&#8221;0&#8243; shift_y=&#8221;0&#8243; shift_y_down=&#8221;0&#8243; z_index=&#8221;0&#8243; medium_width=&#8221;0&#8243; mobile_width=&#8221;0&#8243; width=&#8221;1\/1&#8243;][vc_custom_heading text_color=&#8221;color-xsdn&#8221; heading_semantic=&#8221;h1&#8243; text_size=&#8221;h1&#8243; text_weight=&#8221;800&#8243; text_height=&#8221;fontheight-120074&#8243;]Esprit Bio[\/vc_custom_heading][\/vc_column][\/vc_row][vc_row row_height_percent=&#8221;0&#8243; override_padding=&#8221;yes&#8221; h_padding=&#8221;2&#8243; top_padding=&#8221;4&#8243; bottom_padding=&#8221;2&#8243; overlay_alpha=&#8221;50&#8243; gutter_size=&#8221;3&#8243; column_width_percent=&#8221;100&#8243; shift_y=&#8221;0&#8243; z_index=&#8221;0&#8243;][vc_column width=&#8221;1\/2&#8243;][vc_single_image media=&#8221;444&#8243; media_width_percent=&#8221;100&#8243; alignment=&#8221;center&#8221; media_link=&#8221;url:https%3A%2F%2Fwww.esprit-bio.fr||target:%20_blank|&#8221;][\/vc_column][vc_column width=&#8221;1\/2&#8243;][vc_custom_heading heading_semantic=&#8221;h4&#8243; text_weight=&#8221;700&#8243;]My organic health is a state of mind[\/vc_custom_heading][vc_column_text]Esprit Bio is a simple, accessible health solution that&#8217;s easy to fit into your everyday diet.<\/p>\n<p>Find Esprit Bio products in the organic section at the supermarket or superstore.[\/vc_column_text][\/vc_column][\/vc_row][vc_row][vc_column column_width_percent=&#8221;100&#8243; gutter_size=&#8221;3&#8243; overlay_alpha=&#8221;50&#8243; shift_x=&#8221;0&#8243; shift_y=&#8221;0&#8243; shift_y_down=&#8221;0&#8243; z_index=&#8221;0&#8243; medium_width=&#8221;0&#8243; mobile_width=&#8221;0&#8243; width=&#8221;1\/2&#8243;][vc_column_text]The brand offers juices, sap or plant extracts to drink, plant extracts to sprinkle, superfoods, bags of dried plants for infusions, and capsules and tablets made from whole plants.<\/p>\n<p>These natural products, all herbal, are certified organic, vegan and respectful of plants and their origin, traditional use and the environment.[\/vc_column_text][vc_button button_color=&#8221;accent&#8221; size=&#8221;btn-lg&#8221; hover_fx=&#8221;outlined&#8221; border_width=&#8221;0&#8243; link=&#8221;url:https%3A%2F%2Fwww.esprit-bio.fr||target:%20_blank|&#8221;]LEARN MORE[\/vc_button][\/vc_column][vc_column column_width_percent=&#8221;100&#8243; position_vertical=&#8221;middle&#8221; gutter_size=&#8221;3&#8243; overlay_alpha=&#8221;50&#8243; shift_x=&#8221;0&#8243; shift_y=&#8221;0&#8243; shift_y_down=&#8221;0&#8243; z_index=&#8221;0&#8243; medium_width=&#8221;0&#8243; mobile_width=&#8221;0&#8243; width=&#8221;1\/2&#8243;][vc_single_image media=&#8221;437&#8243; media_width_percent=&#8221;100&#8243;][\/vc_column][\/vc_row][vc_row unlock_row_content=&#8221;yes&#8221; row_height_percent=&#8221;0&#8243; override_padding=&#8221;yes&#8221; h_padding=&#8221;2&#8243; top_padding=&#8221;3&#8243; bottom_padding=&#8221;3&#8243; back_color=&#8221;color-112570&#8243; overlay_alpha=&#8221;50&#8243; gutter_size=&#8221;3&#8243; column_width_percent=&#8221;100&#8243; shift_y=&#8221;0&#8243; z_index=&#8221;0&#8243;][vc_column column_width_percent=&#8221;100&#8243; align_horizontal=&#8221;align_center&#8221; gutter_size=&#8221;3&#8243; back_color=&#8221;color-112570&#8243; overlay_alpha=&#8221;50&#8243; shift_x=&#8221;0&#8243; shift_y=&#8221;0&#8243; shift_y_down=&#8221;0&#8243; z_index=&#8221;0&#8243; medium_width=&#8221;0&#8243; mobile_width=&#8221;0&#8243; width=&#8221;1\/1&#8243;][vc_custom_heading heading_semantic=&#8221;h3&#8243; text_weight=&#8221;700&#8243;]Discover these too[\/vc_custom_heading][vc_row_inner row_inner_height_percent=&#8221;0&#8243; overlay_alpha=&#8221;50&#8243; gutter_size=&#8221;2&#8243; shift_y=&#8221;0&#8243; z_index=&#8221;0&#8243;][vc_column_inner width=&#8221;1\/6&#8243;][vc_single_image media=&#8221;383&#8243; media_width_percent=&#8221;100&#8243; alignment=&#8221;center&#8221; border=&#8221;yes&#8221; advanced=&#8221;yes&#8221; media_items=&#8221;media|original,icon|xl&#8221; media_overlay_color=&#8221;accent&#8221; media_overlay_opacity=&#8221;50&#8243; media_text_anim_type=&#8221;btt&#8221; media_h_align=&#8221;center&#8221; media_h_position=&#8221;center&#8221; media_padding=&#8221;2&#8243; media_icon=&#8221;fa fa-plus-circle2&#8243; media_link=&#8221;url:http%3A%2F%2Fwww.juva.com%2Fen%2Fjuvamine%2F|title:Juvamine||&#8221;][\/vc_column_inner][vc_column_inner width=&#8221;1\/6&#8243;][vc_single_image media=&#8221;387&#8243; media_width_percent=&#8221;100&#8243; alignment=&#8221;center&#8221; border=&#8221;yes&#8221; advanced=&#8221;yes&#8221; media_items=&#8221;media|original,icon|xl&#8221; media_overlay_color=&#8221;accent&#8221; media_overlay_opacity=&#8221;50&#8243; media_text_anim_type=&#8221;btt&#8221; media_h_align=&#8221;center&#8221; media_h_position=&#8221;center&#8221; media_padding=&#8221;2&#8243; media_icon=&#8221;fa fa-plus-circle2&#8243; media_link=&#8221;url:http%3A%2F%2Fwww.juva.com%2Fen%2Fmercurochrome%2F|title:Mercurochrome||&#8221;][\/vc_column_inner][vc_column_inner width=&#8221;1\/6&#8243;][vc_single_image media=&#8221;4214&#8243; media_width_percent=&#8221;100&#8243; alignment=&#8221;center&#8221; border=&#8221;yes&#8221; advanced=&#8221;yes&#8221; media_items=&#8221;media|original,icon|xl&#8221; media_overlay_color=&#8221;accent&#8221; media_overlay_opacity=&#8221;50&#8243; media_text_anim_type=&#8221;btt&#8221; media_h_align=&#8221;center&#8221; media_h_position=&#8221;center&#8221; media_padding=&#8221;2&#8243; media_icon=&#8221;fa fa-plus-circle2&#8243; media_link=&#8221;url:http%3A%2F%2Fwww.juva.com%2Fen%2Fmarie-rose%2F|title:Marie%20Rose||&#8221; uncode_shortcode_id=&#8221;322890&#8243; media_overlay_color_type=&#8221;uncode-palette&#8221;][\/vc_column_inner][vc_column_inner width=&#8221;1\/6&#8243;][vc_single_image media=&#8221;384&#8243; media_width_percent=&#8221;100&#8243; alignment=&#8221;center&#8221; border=&#8221;yes&#8221; advanced=&#8221;yes&#8221; media_items=&#8221;media|original,icon|xl&#8221; media_overlay_color=&#8221;accent&#8221; media_overlay_opacity=&#8221;50&#8243; media_text_anim_type=&#8221;btt&#8221; media_h_align=&#8221;center&#8221; media_h_position=&#8221;center&#8221; media_padding=&#8221;2&#8243; media_icon=&#8221;fa fa-plus-circle2&#8243; media_link=&#8221;url:http%3A%2F%2Fwww.juva.com%2Fen%2Fintimy%2F|title:Intimy||&#8221;][\/vc_column_inner][vc_column_inner width=&#8221;1\/6&#8243;][vc_single_image media=&#8221;2563&#8243; media_width_percent=&#8221;100&#8243; alignment=&#8221;center&#8221; border=&#8221;yes&#8221; advanced=&#8221;yes&#8221; media_items=&#8221;media|original,icon|xl&#8221; media_overlay_color=&#8221;accent&#8221; media_overlay_opacity=&#8221;50&#8243; media_text_anim_type=&#8221;btt&#8221; media_h_align=&#8221;center&#8221; media_h_position=&#8221;center&#8221; media_padding=&#8221;2&#8243; media_icon=&#8221;fa fa-plus-circle2&#8243; media_link=&#8221;url:https%3A%2F%2Fwww.juva.com%2Fen%2Fricqles%2F|title:RICQUL%C3%88S&#8221;][\/vc_column_inner][\/vc_row_inner][\/vc_column][\/vc_row]<\/p>\n<\/div>","protected":false},"excerpt":{"rendered":"<p>[vc_row row_height_percent=&#8221;50&#8243; back_image=&#8221;561&#8243; back_repeat=&#8221;no-repeat&#8221; back_position=&#8221;center center&#8221; overlay_color=&#8221;color-jevc&#8221; overlay_alpha=&#8221;16&#8243; gutter_size=&#8221;3&#8243; column_width_percent=&#8221;100&#8243; shift_y=&#8221;0&#8243; z_index=&#8221;0&#8243; content_parallax=&#8221;0&#8243; uncode_shortcode_id=&#8221;150505&#8243; overlay_color_type=&#8221;uncode-palette&#8221;][vc_column column_width_percent=&#8221;100&#8243; position_vertical=&#8221;middle&#8221; align_horizontal=&#8221;align_center&#8221; gutter_size=&#8221;3&#8243; overlay_alpha=&#8221;50&#8243; [&hellip;]<\/p>\n","protected":false},"author":1,"featured_media":0,"parent":0,"menu_order":0,"comment_status":"closed","ping_status":"closed","template":"","meta":{"footnotes":""},"class_list":["post-1299","page","type-page","status-publish","hentry"],"yoast_head":"<!-- This site is optimized with the Yoast SEO plugin v26.8 - https:\/\/yoast.com\/product\/yoast-seo-wordpress\/ -->\n<title>Esprit Bio - Juva Sant\u00e9<\/title>\n<meta name=\"robots\" content=\"index, follow, max-snippet:-1, max-image-preview:large, max-video-preview:-1\" \/>\n<link rel=\"canonical\" href=\"https:\/\/www.juva.com\/en\/esprit-bio\/\" \/>\n<meta property=\"og:locale\" content=\"en_US\" \/>\n<meta property=\"og:type\" content=\"article\" \/>\n<meta property=\"og:title\" content=\"Esprit Bio - Juva Sant\u00e9\" \/>\n<meta property=\"og:description\" content=\"[vc_row row_height_percent=&#8221;50&#8243; back_image=&#8221;561&#8243; back_repeat=&#8221;no-repeat&#8221; back_position=&#8221;center center&#8221; overlay_color=&#8221;color-jevc&#8221; overlay_alpha=&#8221;16&#8243; gutter_size=&#8221;3&#8243; column_width_percent=&#8221;100&#8243; shift_y=&#8221;0&#8243; z_index=&#8221;0&#8243; content_parallax=&#8221;0&#8243; uncode_shortcode_id=&#8221;150505&#8243; overlay_color_type=&#8221;uncode-palette&#8221;][vc_column column_width_percent=&#8221;100&#8243; position_vertical=&#8221;middle&#8221; align_horizontal=&#8221;align_center&#8221; gutter_size=&#8221;3&#8243; overlay_alpha=&#8221;50&#8243; [&hellip;]\" \/>\n<meta property=\"og:url\" content=\"https:\/\/www.juva.com\/en\/esprit-bio\/\" \/>\n<meta property=\"og:site_name\" content=\"Juva Sant\u00e9\" \/>\n<meta property=\"article:modified_time\" content=\"2025-02-19T16:11:00+00:00\" \/>\n<meta name=\"twitter:card\" content=\"summary_large_image\" \/>\n<meta name=\"twitter:label1\" content=\"Est. reading time\" \/>\n\t<meta name=\"twitter:data1\" content=\"2 minutes\" \/>\n<script type=\"application\/ld+json\" class=\"yoast-schema-graph\">{\"@context\":\"https:\/\/schema.org\",\"@graph\":[{\"@type\":\"WebPage\",\"@id\":\"https:\/\/www.juva.com\/en\/esprit-bio\/\",\"url\":\"https:\/\/www.juva.com\/en\/esprit-bio\/\",\"name\":\"Esprit Bio - Juva Sant\u00e9\",\"isPartOf\":{\"@id\":\"https:\/\/www.juva.com\/#website\"},\"datePublished\":\"2019-07-23T16:52:16+00:00\",\"dateModified\":\"2025-02-19T16:11:00+00:00\",\"breadcrumb\":{\"@id\":\"https:\/\/www.juva.com\/en\/esprit-bio\/#breadcrumb\"},\"inLanguage\":\"en-US\",\"potentialAction\":[{\"@type\":\"ReadAction\",\"target\":[\"https:\/\/www.juva.com\/en\/esprit-bio\/\"]}]},{\"@type\":\"BreadcrumbList\",\"@id\":\"https:\/\/www.juva.com\/en\/esprit-bio\/#breadcrumb\",\"itemListElement\":[{\"@type\":\"ListItem\",\"position\":1,\"name\":\"Accueil\",\"item\":\"https:\/\/www.juva.com\/en\/\"},{\"@type\":\"ListItem\",\"position\":2,\"name\":\"Esprit Bio\"}]},{\"@type\":\"WebSite\",\"@id\":\"https:\/\/www.juva.com\/#website\",\"url\":\"https:\/\/www.juva.com\/\",\"name\":\"Juva Sant\u00e9\",\"description\":\"Laboratoire ind\u00e9pendant et fran\u00e7ais\",\"potentialAction\":[{\"@type\":\"SearchAction\",\"target\":{\"@type\":\"EntryPoint\",\"urlTemplate\":\"https:\/\/www.juva.com\/?s={search_term_string}\"},\"query-input\":{\"@type\":\"PropertyValueSpecification\",\"valueRequired\":true,\"valueName\":\"search_term_string\"}}],\"inLanguage\":\"en-US\"}]}<\/script>\n<!-- \/ Yoast SEO plugin. -->","yoast_head_json":{"title":"Esprit Bio - Juva Sant\u00e9","robots":{"index":"index","follow":"follow","max-snippet":"max-snippet:-1","max-image-preview":"max-image-preview:large","max-video-preview":"max-video-preview:-1"},"canonical":"https:\/\/www.juva.com\/en\/esprit-bio\/","og_locale":"en_US","og_type":"article","og_title":"Esprit Bio - Juva Sant\u00e9","og_description":"[vc_row row_height_percent=&#8221;50&#8243; back_image=&#8221;561&#8243; back_repeat=&#8221;no-repeat&#8221; back_position=&#8221;center center&#8221; overlay_color=&#8221;color-jevc&#8221; overlay_alpha=&#8221;16&#8243; gutter_size=&#8221;3&#8243; column_width_percent=&#8221;100&#8243; shift_y=&#8221;0&#8243; z_index=&#8221;0&#8243; content_parallax=&#8221;0&#8243; uncode_shortcode_id=&#8221;150505&#8243; overlay_color_type=&#8221;uncode-palette&#8221;][vc_column column_width_percent=&#8221;100&#8243; position_vertical=&#8221;middle&#8221; align_horizontal=&#8221;align_center&#8221; gutter_size=&#8221;3&#8243; overlay_alpha=&#8221;50&#8243; [&hellip;]","og_url":"https:\/\/www.juva.com\/en\/esprit-bio\/","og_site_name":"Juva Sant\u00e9","article_modified_time":"2025-02-19T16:11:00+00:00","twitter_card":"summary_large_image","twitter_misc":{"Est. reading time":"2 minutes"},"schema":{"@context":"https:\/\/schema.org","@graph":[{"@type":"WebPage","@id":"https:\/\/www.juva.com\/en\/esprit-bio\/","url":"https:\/\/www.juva.com\/en\/esprit-bio\/","name":"Esprit Bio - Juva Sant\u00e9","isPartOf":{"@id":"https:\/\/www.juva.com\/#website"},"datePublished":"2019-07-23T16:52:16+00:00","dateModified":"2025-02-19T16:11:00+00:00","breadcrumb":{"@id":"https:\/\/www.juva.com\/en\/esprit-bio\/#breadcrumb"},"inLanguage":"en-US","potentialAction":[{"@type":"ReadAction","target":["https:\/\/www.juva.com\/en\/esprit-bio\/"]}]},{"@type":"BreadcrumbList","@id":"https:\/\/www.juva.com\/en\/esprit-bio\/#breadcrumb","itemListElement":[{"@type":"ListItem","position":1,"name":"Accueil","item":"https:\/\/www.juva.com\/en\/"},{"@type":"ListItem","position":2,"name":"Esprit Bio"}]},{"@type":"WebSite","@id":"https:\/\/www.juva.com\/#website","url":"https:\/\/www.juva.com\/","name":"Juva Sant\u00e9","description":"Laboratoire ind\u00e9pendant et fran\u00e7ais","potentialAction":[{"@type":"SearchAction","target":{"@type":"EntryPoint","urlTemplate":"https:\/\/www.juva.com\/?s={search_term_string}"},"query-input":{"@type":"PropertyValueSpecification","valueRequired":true,"valueName":"search_term_string"}}],"inLanguage":"en-US"}]}},"_links":{"self":[{"href":"https:\/\/www.juva.com\/en\/wp-json\/wp\/v2\/pages\/1299","targetHints":{"allow":["GET"]}}],"collection":[{"href":"https:\/\/www.juva.com\/en\/wp-json\/wp\/v2\/pages"}],"about":[{"href":"https:\/\/www.juva.com\/en\/wp-json\/wp\/v2\/types\/page"}],"author":[{"embeddable":true,"href":"https:\/\/www.juva.com\/en\/wp-json\/wp\/v2\/users\/1"}],"replies":[{"embeddable":true,"href":"https:\/\/www.juva.com\/en\/wp-json\/wp\/v2\/comments?post=1299"}],"version-history":[{"count":8,"href":"https:\/\/www.juva.com\/en\/wp-json\/wp\/v2\/pages\/1299\/revisions"}],"predecessor-version":[{"id":4256,"href":"https:\/\/www.juva.com\/en\/wp-json\/wp\/v2\/pages\/1299\/revisions\/4256"}],"wp:attachment":[{"href":"https:\/\/www.juva.com\/en\/wp-json\/wp\/v2\/media?parent=1299"}],"curies":[{"name":"wp","href":"https:\/\/api.w.org\/{rel}","templated":true}]}}