{"id":1331,"date":"2019-07-24T09:56:46","date_gmt":"2019-07-24T09:56:46","guid":{"rendered":"https:\/\/www.juva.com\/implication\/"},"modified":"2024-11-20T13:15:04","modified_gmt":"2024-11-20T13:15:04","slug":"involvement","status":"publish","type":"page","link":"https:\/\/www.juva.com\/en\/involvement\/","title":{"rendered":"Involvement in &#8230;"},"content":{"rendered":"<div class=\"wpb-content-wrapper\"><p>[vc_row row_height_percent=&#8221;50&#8243; back_image=&#8221;621&#8243; back_repeat=&#8221;no-repeat&#8221; back_position=&#8221;center center&#8221; overlay_color=&#8221;color-jevc&#8221; overlay_alpha=&#8221;20&#8243; gutter_size=&#8221;3&#8243; column_width_percent=&#8221;100&#8243; shift_y=&#8221;0&#8243; z_index=&#8221;0&#8243; content_parallax=&#8221;0&#8243; uncode_shortcode_id=&#8221;119635&#8243; overlay_color_type=&#8221;uncode-palette&#8221;][vc_column column_width_percent=&#8221;100&#8243; position_vertical=&#8221;middle&#8221; align_horizontal=&#8221;align_center&#8221; gutter_size=&#8221;3&#8243; overlay_alpha=&#8221;50&#8243; shift_x=&#8221;0&#8243; shift_y=&#8221;0&#8243; shift_y_down=&#8221;0&#8243; z_index=&#8221;0&#8243; medium_width=&#8221;0&#8243; mobile_width=&#8221;0&#8243; width=&#8221;1\/1&#8243;][vc_custom_heading text_color=&#8221;color-xsdn&#8221; text_size=&#8221;h4&#8243; text_weight=&#8221;300&#8243;]OUR COMMITMENTS[\/vc_custom_heading][vc_custom_heading text_color=&#8221;color-xsdn&#8221; heading_semantic=&#8221;h1&#8243; text_size=&#8221;h1&#8243; text_weight=&#8221;800&#8243;]Involvement in &#8230;[\/vc_custom_heading][\/vc_column][\/vc_row][vc_row row_height_percent=&#8221;0&#8243; override_padding=&#8221;yes&#8221; h_padding=&#8221;2&#8243; top_padding=&#8221;3&#8243; bottom_padding=&#8221;3&#8243; overlay_alpha=&#8221;50&#8243; gutter_size=&#8221;3&#8243; column_width_percent=&#8221;100&#8243; shift_y=&#8221;0&#8243; z_index=&#8221;0&#8243;][vc_column width=&#8221;1\/2&#8243;][vc_custom_heading heading_semantic=&#8221;h4&#8243; text_size=&#8221;h3&#8243; text_weight=&#8221;700&#8243;]&#8221;Live my life&#8221; Solidarity Day[\/vc_custom_heading][vc_column_text]Every year,\u00a0<strong>volunteers<\/strong> from Juva Sant\u00e9\u00a0meet at dawn on a Saturday for a day of solidarity and a chance to experience each other&#8217;s jobs.<\/p>\n<p><strong>Employees, executives and directors work together hand in hand.<\/strong> According to the year, this day takes place either at Laboratoires Juva Productions in Forbach, where the volunteers take part in making the group&#8217;s products, or on the Juva Distribution site, where they prepare orders for retail outlets.<\/p>\n<p>The\u00a0<strong>proceeds\u00a0<\/strong>of this day are\u00a0<strong>entirely donated to support the charity work<\/strong> of <strong>Association Petits Princes<\/strong>, which makes dreams come true for seriously ill children and teenagers.<\/p>\n<p>A unique, charitable and voluntary process for employees to enjoy a strong human experience together.<\/p>\n<p>A <strong>united and rewarding way job exchange day <\/strong>! On average, 200 employees attend these days, some of whom have been faithfully doing so for more than 10 years.[\/vc_column_text][\/vc_column][vc_column width=&#8221;1\/2&#8243;][vc_single_image media=&#8221;911&#8243; media_width_percent=&#8221;100&#8243;][vc_single_image media=&#8221;912&#8243; media_width_percent=&#8221;100&#8243;][\/vc_column][\/vc_row][vc_row row_height_percent=&#8221;0&#8243; override_padding=&#8221;yes&#8221; h_padding=&#8221;2&#8243; top_padding=&#8221;3&#8243; bottom_padding=&#8221;3&#8243; back_color=&#8221;color-112570&#8243; overlay_alpha=&#8221;50&#8243; gutter_size=&#8221;3&#8243; column_width_percent=&#8221;100&#8243; shift_y=&#8221;0&#8243; z_index=&#8221;0&#8243;][vc_column width=&#8221;1\/2&#8243;][vc_single_image media=&#8221;961&#8243; media_width_percent=&#8221;100&#8243;][\/vc_column][vc_column width=&#8221;1\/2&#8243;][vc_custom_heading heading_semantic=&#8221;h4&#8243; text_size=&#8221;h3&#8243; text_weight=&#8221;700&#8243;]Mercurochrome and the French Civil Protection: a partnership that saves lives[\/vc_custom_heading][vc_column_text]Our brand\u00a0<strong>Mercurochrome is committed to working with the French Civil Protection<\/strong>\u00a0to provide even more support for families on a daily basis.<\/p>\n<p>The Mercurochrome brand has been part of first aid kits for over 100 years and its mission is to support children and adults alike by providing ingenious\u00a0solutions for all the mishaps of everyday life. As the leading first aid brand in supermarkets, it clearly made sense for Mercurochrome to invest in teaching as many people as possible about life-saving techniques and the right way to respond to an emergency.<\/p>\n<p>We have therefore joined forces with the French Civil Protection to spread the word among the French public. We offer\u00a0free <strong>introductions to life-saving techniques<\/strong>\u00a0in some retail outlets, so our consumers can learn the basics of first aid.[\/vc_column_text][\/vc_column][\/vc_row][vc_row row_height_percent=&#8221;0&#8243; override_padding=&#8221;yes&#8221; h_padding=&#8221;2&#8243; top_padding=&#8221;3&#8243; bottom_padding=&#8221;3&#8243; overlay_alpha=&#8221;50&#8243; gutter_size=&#8221;3&#8243; column_width_percent=&#8221;100&#8243; shift_y=&#8221;0&#8243; z_index=&#8221;0&#8243;][vc_column width=&#8221;1\/2&#8243;][vc_custom_heading heading_semantic=&#8221;h4&#8243; text_size=&#8221;h3&#8243; text_weight=&#8221;700&#8243;]Product donations[\/vc_custom_heading][vc_column_text]Every year, we donate products to major\u00a0<strong>charities<\/strong>\u00a0that help people in need.<\/p>\n<p>In recent years, we have mainly supported the following associations: Dons solidaires, Secours Populaire, Petit Fr\u00e8re des Pauvres, Les Restos du C\u0153ur, La Banque Alimentaire, and the French Civil Protection.<\/p>\n<p>On average, <strong>50 000 products<\/strong> have been donated <strong>every year<\/strong>.[\/vc_column_text][\/vc_column][vc_column width=&#8221;1\/2&#8243;][vc_single_image media=&#8221;616&#8243; media_width_percent=&#8221;100&#8243;][\/vc_column][\/vc_row]<\/p>\n<\/div>","protected":false},"excerpt":{"rendered":"<p>[vc_row row_height_percent=&#8221;50&#8243; back_image=&#8221;621&#8243; back_repeat=&#8221;no-repeat&#8221; back_position=&#8221;center center&#8221; overlay_color=&#8221;color-jevc&#8221; overlay_alpha=&#8221;20&#8243; gutter_size=&#8221;3&#8243; column_width_percent=&#8221;100&#8243; shift_y=&#8221;0&#8243; z_index=&#8221;0&#8243; content_parallax=&#8221;0&#8243; uncode_shortcode_id=&#8221;119635&#8243; overlay_color_type=&#8221;uncode-palette&#8221;][vc_column column_width_percent=&#8221;100&#8243; position_vertical=&#8221;middle&#8221; align_horizontal=&#8221;align_center&#8221; gutter_size=&#8221;3&#8243; overlay_alpha=&#8221;50&#8243; [&hellip;]<\/p>\n","protected":false},"author":1,"featured_media":0,"parent":0,"menu_order":0,"comment_status":"closed","ping_status":"closed","template":"","meta":{"footnotes":""},"class_list":["post-1331","page","type-page","status-publish","hentry"],"yoast_head":"<!-- This site is optimized with the Yoast SEO plugin v26.8 - https:\/\/yoast.com\/product\/yoast-seo-wordpress\/ -->\n<title>Involvement in ... - Juva Sant\u00e9<\/title>\n<meta name=\"robots\" content=\"index, follow, max-snippet:-1, max-image-preview:large, max-video-preview:-1\" \/>\n<link rel=\"canonical\" href=\"https:\/\/www.juva.com\/implication\/\" \/>\n<meta property=\"og:locale\" content=\"en_US\" \/>\n<meta property=\"og:type\" content=\"article\" \/>\n<meta property=\"og:title\" content=\"Involvement in ... - Juva Sant\u00e9\" \/>\n<meta property=\"og:description\" content=\"[vc_row row_height_percent=&#8221;50&#8243; back_image=&#8221;621&#8243; back_repeat=&#8221;no-repeat&#8221; back_position=&#8221;center center&#8221; overlay_color=&#8221;color-jevc&#8221; overlay_alpha=&#8221;20&#8243; gutter_size=&#8221;3&#8243; column_width_percent=&#8221;100&#8243; shift_y=&#8221;0&#8243; z_index=&#8221;0&#8243; content_parallax=&#8221;0&#8243; uncode_shortcode_id=&#8221;119635&#8243; overlay_color_type=&#8221;uncode-palette&#8221;][vc_column column_width_percent=&#8221;100&#8243; position_vertical=&#8221;middle&#8221; align_horizontal=&#8221;align_center&#8221; gutter_size=&#8221;3&#8243; overlay_alpha=&#8221;50&#8243; [&hellip;]\" \/>\n<meta property=\"og:url\" content=\"https:\/\/www.juva.com\/implication\/\" \/>\n<meta property=\"og:site_name\" content=\"Juva Sant\u00e9\" \/>\n<meta property=\"article:modified_time\" content=\"2024-11-20T13:15:04+00:00\" \/>\n<meta name=\"twitter:card\" content=\"summary_large_image\" \/>\n<meta name=\"twitter:label1\" content=\"Est. reading time\" \/>\n\t<meta name=\"twitter:data1\" content=\"3 minutes\" \/>\n<script type=\"application\/ld+json\" class=\"yoast-schema-graph\">{\"@context\":\"https:\/\/schema.org\",\"@graph\":[{\"@type\":\"WebPage\",\"@id\":\"https:\/\/www.juva.com\/implication\/\",\"url\":\"https:\/\/www.juva.com\/implication\/\",\"name\":\"Involvement in ... - Juva Sant\u00e9\",\"isPartOf\":{\"@id\":\"https:\/\/www.juva.com\/#website\"},\"datePublished\":\"2019-07-24T09:56:46+00:00\",\"dateModified\":\"2024-11-20T13:15:04+00:00\",\"breadcrumb\":{\"@id\":\"https:\/\/www.juva.com\/implication\/#breadcrumb\"},\"inLanguage\":\"en-US\",\"potentialAction\":[{\"@type\":\"ReadAction\",\"target\":[\"https:\/\/www.juva.com\/implication\/\"]}]},{\"@type\":\"BreadcrumbList\",\"@id\":\"https:\/\/www.juva.com\/implication\/#breadcrumb\",\"itemListElement\":[{\"@type\":\"ListItem\",\"position\":1,\"name\":\"Accueil\",\"item\":\"https:\/\/www.juva.com\/en\/\"},{\"@type\":\"ListItem\",\"position\":2,\"name\":\"Involvement in &#8230;\"}]},{\"@type\":\"WebSite\",\"@id\":\"https:\/\/www.juva.com\/#website\",\"url\":\"https:\/\/www.juva.com\/\",\"name\":\"Juva Sant\u00e9\",\"description\":\"Laboratoire ind\u00e9pendant et fran\u00e7ais\",\"potentialAction\":[{\"@type\":\"SearchAction\",\"target\":{\"@type\":\"EntryPoint\",\"urlTemplate\":\"https:\/\/www.juva.com\/?s={search_term_string}\"},\"query-input\":{\"@type\":\"PropertyValueSpecification\",\"valueRequired\":true,\"valueName\":\"search_term_string\"}}],\"inLanguage\":\"en-US\"}]}<\/script>\n<!-- \/ Yoast SEO plugin. -->","yoast_head_json":{"title":"Involvement in ... - Juva Sant\u00e9","robots":{"index":"index","follow":"follow","max-snippet":"max-snippet:-1","max-image-preview":"max-image-preview:large","max-video-preview":"max-video-preview:-1"},"canonical":"https:\/\/www.juva.com\/implication\/","og_locale":"en_US","og_type":"article","og_title":"Involvement in ... - Juva Sant\u00e9","og_description":"[vc_row row_height_percent=&#8221;50&#8243; back_image=&#8221;621&#8243; back_repeat=&#8221;no-repeat&#8221; back_position=&#8221;center center&#8221; overlay_color=&#8221;color-jevc&#8221; overlay_alpha=&#8221;20&#8243; gutter_size=&#8221;3&#8243; column_width_percent=&#8221;100&#8243; shift_y=&#8221;0&#8243; z_index=&#8221;0&#8243; content_parallax=&#8221;0&#8243; uncode_shortcode_id=&#8221;119635&#8243; overlay_color_type=&#8221;uncode-palette&#8221;][vc_column column_width_percent=&#8221;100&#8243; position_vertical=&#8221;middle&#8221; align_horizontal=&#8221;align_center&#8221; gutter_size=&#8221;3&#8243; overlay_alpha=&#8221;50&#8243; [&hellip;]","og_url":"https:\/\/www.juva.com\/implication\/","og_site_name":"Juva Sant\u00e9","article_modified_time":"2024-11-20T13:15:04+00:00","twitter_card":"summary_large_image","twitter_misc":{"Est. reading time":"3 minutes"},"schema":{"@context":"https:\/\/schema.org","@graph":[{"@type":"WebPage","@id":"https:\/\/www.juva.com\/implication\/","url":"https:\/\/www.juva.com\/implication\/","name":"Involvement in ... - Juva Sant\u00e9","isPartOf":{"@id":"https:\/\/www.juva.com\/#website"},"datePublished":"2019-07-24T09:56:46+00:00","dateModified":"2024-11-20T13:15:04+00:00","breadcrumb":{"@id":"https:\/\/www.juva.com\/implication\/#breadcrumb"},"inLanguage":"en-US","potentialAction":[{"@type":"ReadAction","target":["https:\/\/www.juva.com\/implication\/"]}]},{"@type":"BreadcrumbList","@id":"https:\/\/www.juva.com\/implication\/#breadcrumb","itemListElement":[{"@type":"ListItem","position":1,"name":"Accueil","item":"https:\/\/www.juva.com\/en\/"},{"@type":"ListItem","position":2,"name":"Involvement in &#8230;"}]},{"@type":"WebSite","@id":"https:\/\/www.juva.com\/#website","url":"https:\/\/www.juva.com\/","name":"Juva Sant\u00e9","description":"Laboratoire ind\u00e9pendant et fran\u00e7ais","potentialAction":[{"@type":"SearchAction","target":{"@type":"EntryPoint","urlTemplate":"https:\/\/www.juva.com\/?s={search_term_string}"},"query-input":{"@type":"PropertyValueSpecification","valueRequired":true,"valueName":"search_term_string"}}],"inLanguage":"en-US"}]}},"_links":{"self":[{"href":"https:\/\/www.juva.com\/en\/wp-json\/wp\/v2\/pages\/1331","targetHints":{"allow":["GET"]}}],"collection":[{"href":"https:\/\/www.juva.com\/en\/wp-json\/wp\/v2\/pages"}],"about":[{"href":"https:\/\/www.juva.com\/en\/wp-json\/wp\/v2\/types\/page"}],"author":[{"embeddable":true,"href":"https:\/\/www.juva.com\/en\/wp-json\/wp\/v2\/users\/1"}],"replies":[{"embeddable":true,"href":"https:\/\/www.juva.com\/en\/wp-json\/wp\/v2\/comments?post=1331"}],"version-history":[{"count":6,"href":"https:\/\/www.juva.com\/en\/wp-json\/wp\/v2\/pages\/1331\/revisions"}],"predecessor-version":[{"id":4133,"href":"https:\/\/www.juva.com\/en\/wp-json\/wp\/v2\/pages\/1331\/revisions\/4133"}],"wp:attachment":[{"href":"https:\/\/www.juva.com\/en\/wp-json\/wp\/v2\/media?parent=1331"}],"curies":[{"name":"wp","href":"https:\/\/api.w.org\/{rel}","templated":true}]}}