{"id":1394,"date":"2019-08-09T08:31:07","date_gmt":"2019-08-09T08:31:07","guid":{"rendered":"https:\/\/www.juva.com\/mentions-legales\/"},"modified":"2025-12-10T10:09:58","modified_gmt":"2025-12-10T10:09:58","slug":"legal-notice","status":"publish","type":"page","link":"https:\/\/www.juva.com\/en\/legal-notice\/","title":{"rendered":"Legal notice"},"content":{"rendered":"<div class=\"wpb-content-wrapper\"><p>[vc_row][vc_column][vc_column_text uncode_shortcode_id=&#8221;863942&#8243;]<strong>LABORATOIRES JUVA SANTE<\/strong><\/p>\n<h2>1. Editor<\/h2>\n<p>Laboratoires Juva Sant\u00e9, Simplified joint-stock company<\/p>\n<p>8, rue Christophe Colomb \u2013 75008 Paris. France<\/p>\n<p>+331 56 62 41 56<\/p>\n<p><a href=\"mailto:infos@juva.fr\">infos@juva.fr<\/a><\/p>\n<p>with a capital of \u20ac1.186.672<\/p>\n<p>Registered with the R.C.S. of PARIS under n\u00b0 B 618 500 193<\/p>\n<p>Whose VAT identification number is FR07618500193<\/p>\n<h2>2. Director of publication<\/h2>\n<p>Christelle Chapteuil as the Managing Director of Laboratoires Juva Sant\u00e9.<\/p>\n<h2>3. Host<\/h2>\n<p>OVH, Simplified joint-stock company with a capital of \u20ac10 069 020<br \/>\nRegistered with the RCS of Lille M\u00e9tropole under n\u00b0 424 761 419 00045<br \/>\nAPE code 6202A<br \/>\nVAT No.: FR 22 424 761 419<br \/>\nHead office: 2 rue Kellermann \u2013 59100 Roubaix \u2013 France.<\/p>\n<p>cil@ovh.net<\/p>\n<p>+339 72 10 00 70<\/p>\n<h2>4. <strong>Modification of the Legal Notices<\/strong><\/h2>\n<p>Laboratoires Juva Sant\u00e9 may update the present Legal Notices at any time.<\/p>\n<h2>5. <strong>Credits<\/strong><\/h2>\n<p>Photos and images: i-stock, Laboratoires Juva Sant\u00e9, AdobeStock, FreePik, Shutterstock<\/p>\n<h2>6. <strong>Extended producer responsibility\u00a0<\/strong><\/h2>\n<p>In accordance with <a href=\"https:\/\/www.legifrance.gouv.fr\/codes\/article_lc\/LEGIARTI000042584493\/2022-01-01\" target=\"_blank\" rel=\"noopener\">article R541-173 of the French Environmental Code<\/a>, the unique identifiers of Laboratoires Juva Sant\u00e9 for each EPR channel are as follows: :<\/p>\n<table class=\"t1\" style=\"height: 296px;\" width=\"601\" cellspacing=\"0\" cellpadding=\"0\">\n<tbody>\n<tr>\n<td class=\"td1\" valign=\"top\"><b>REP<\/b><\/td>\n<td class=\"td2\" valign=\"top\"><b>Unique Identifiers<\/b><\/td>\n<\/tr>\n<tr>\n<td class=\"td3\" valign=\"top\">EcoDDS (chemical waste)<\/td>\n<td class=\"td4\" valign=\"top\">FR001719_07RAID<\/td>\n<\/tr>\n<tr>\n<td class=\"td3\" valign=\"top\">Screlec (batteries and accumulators)<\/td>\n<td class=\"td4\" valign=\"top\">FR001719_06A7PK<\/td>\n<\/tr>\n<tr>\n<td class=\"td3\" valign=\"top\">Citeo (Packaging)<\/td>\n<td class=\"td4\" valign=\"top\">FR001719_01ENTX<\/td>\n<\/tr>\n<tr>\n<td class=\"td3\" valign=\"top\">Citeo (Paper)<\/td>\n<td class=\"td4\" valign=\"top\">FR001719_03AIYH<\/td>\n<\/tr>\n<tr>\n<td class=\"td3\" valign=\"top\">DEEE (electrical and electronic equipment)<\/td>\n<td class=\"td4\" valign=\"top\">FR001719_05DM2B<\/td>\n<\/tr>\n<tr>\n<td class=\"td3\" valign=\"top\">Textile<\/td>\n<td class=\"td4\" valign=\"top\">FR001719_11TGMB<\/td>\n<\/tr>\n<\/tbody>\n<\/table>\n<p><b>Juva Sant\u00e9 International- 8, rue Christophe Colomb &#8211; 75008 Paris <\/b>&#8211; <b>SAS &#8211; RCS PARIS &#8211; SIREN 618500193<\/b>[\/vc_column_text][\/vc_column][\/vc_row]<\/p>\n<\/div>","protected":false},"excerpt":{"rendered":"<p>[vc_row][vc_column][vc_column_text uncode_shortcode_id=&#8221;863942&#8243;]LABORATOIRES JUVA SANTE 1. Editor Laboratoires Juva Sant\u00e9, Simplified joint-stock company 8, rue Christophe Colomb \u2013 75008 Paris. France [&hellip;]<\/p>\n","protected":false},"author":1,"featured_media":0,"parent":0,"menu_order":0,"comment_status":"closed","ping_status":"open","template":"","meta":{"footnotes":""},"class_list":["post-1394","page","type-page","status-publish","hentry"],"yoast_head":"<!-- This site is optimized with the Yoast SEO plugin v26.8 - https:\/\/yoast.com\/product\/yoast-seo-wordpress\/ -->\n<title>Legal notice - Juva Sant\u00e9<\/title>\n<meta name=\"robots\" content=\"index, follow, max-snippet:-1, max-image-preview:large, max-video-preview:-1\" \/>\n<link rel=\"canonical\" href=\"https:\/\/www.juva.com\/en\/legal-notice\/\" \/>\n<meta property=\"og:locale\" content=\"en_US\" \/>\n<meta property=\"og:type\" content=\"article\" \/>\n<meta property=\"og:title\" content=\"Legal notice - Juva Sant\u00e9\" \/>\n<meta property=\"og:description\" content=\"[vc_row][vc_column][vc_column_text uncode_shortcode_id=&#8221;863942&#8243;]LABORATOIRES JUVA SANTE 1. Editor Laboratoires Juva Sant\u00e9, Simplified joint-stock company 8, rue Christophe Colomb \u2013 75008 Paris. France [&hellip;]\" \/>\n<meta property=\"og:url\" content=\"https:\/\/www.juva.com\/en\/legal-notice\/\" \/>\n<meta property=\"og:site_name\" content=\"Juva Sant\u00e9\" \/>\n<meta property=\"article:modified_time\" content=\"2025-12-10T10:09:58+00:00\" \/>\n<meta name=\"twitter:card\" content=\"summary_large_image\" \/>\n<meta name=\"twitter:label1\" content=\"Est. reading time\" \/>\n\t<meta name=\"twitter:data1\" content=\"2 minutes\" \/>\n<script type=\"application\/ld+json\" class=\"yoast-schema-graph\">{\"@context\":\"https:\/\/schema.org\",\"@graph\":[{\"@type\":\"WebPage\",\"@id\":\"https:\/\/www.juva.com\/en\/legal-notice\/\",\"url\":\"https:\/\/www.juva.com\/en\/legal-notice\/\",\"name\":\"Legal notice - Juva Sant\u00e9\",\"isPartOf\":{\"@id\":\"https:\/\/www.juva.com\/#website\"},\"datePublished\":\"2019-08-09T08:31:07+00:00\",\"dateModified\":\"2025-12-10T10:09:58+00:00\",\"breadcrumb\":{\"@id\":\"https:\/\/www.juva.com\/en\/legal-notice\/#breadcrumb\"},\"inLanguage\":\"en-US\",\"potentialAction\":[{\"@type\":\"ReadAction\",\"target\":[\"https:\/\/www.juva.com\/en\/legal-notice\/\"]}]},{\"@type\":\"BreadcrumbList\",\"@id\":\"https:\/\/www.juva.com\/en\/legal-notice\/#breadcrumb\",\"itemListElement\":[{\"@type\":\"ListItem\",\"position\":1,\"name\":\"Accueil\",\"item\":\"https:\/\/www.juva.com\/en\/\"},{\"@type\":\"ListItem\",\"position\":2,\"name\":\"Legal notice\"}]},{\"@type\":\"WebSite\",\"@id\":\"https:\/\/www.juva.com\/#website\",\"url\":\"https:\/\/www.juva.com\/\",\"name\":\"Juva Sant\u00e9\",\"description\":\"Laboratoire ind\u00e9pendant et fran\u00e7ais\",\"potentialAction\":[{\"@type\":\"SearchAction\",\"target\":{\"@type\":\"EntryPoint\",\"urlTemplate\":\"https:\/\/www.juva.com\/?s={search_term_string}\"},\"query-input\":{\"@type\":\"PropertyValueSpecification\",\"valueRequired\":true,\"valueName\":\"search_term_string\"}}],\"inLanguage\":\"en-US\"}]}<\/script>\n<!-- \/ Yoast SEO plugin. -->","yoast_head_json":{"title":"Legal notice - Juva Sant\u00e9","robots":{"index":"index","follow":"follow","max-snippet":"max-snippet:-1","max-image-preview":"max-image-preview:large","max-video-preview":"max-video-preview:-1"},"canonical":"https:\/\/www.juva.com\/en\/legal-notice\/","og_locale":"en_US","og_type":"article","og_title":"Legal notice - Juva Sant\u00e9","og_description":"[vc_row][vc_column][vc_column_text uncode_shortcode_id=&#8221;863942&#8243;]LABORATOIRES JUVA SANTE 1. Editor Laboratoires Juva Sant\u00e9, Simplified joint-stock company 8, rue Christophe Colomb \u2013 75008 Paris. France [&hellip;]","og_url":"https:\/\/www.juva.com\/en\/legal-notice\/","og_site_name":"Juva Sant\u00e9","article_modified_time":"2025-12-10T10:09:58+00:00","twitter_card":"summary_large_image","twitter_misc":{"Est. reading time":"2 minutes"},"schema":{"@context":"https:\/\/schema.org","@graph":[{"@type":"WebPage","@id":"https:\/\/www.juva.com\/en\/legal-notice\/","url":"https:\/\/www.juva.com\/en\/legal-notice\/","name":"Legal notice - Juva Sant\u00e9","isPartOf":{"@id":"https:\/\/www.juva.com\/#website"},"datePublished":"2019-08-09T08:31:07+00:00","dateModified":"2025-12-10T10:09:58+00:00","breadcrumb":{"@id":"https:\/\/www.juva.com\/en\/legal-notice\/#breadcrumb"},"inLanguage":"en-US","potentialAction":[{"@type":"ReadAction","target":["https:\/\/www.juva.com\/en\/legal-notice\/"]}]},{"@type":"BreadcrumbList","@id":"https:\/\/www.juva.com\/en\/legal-notice\/#breadcrumb","itemListElement":[{"@type":"ListItem","position":1,"name":"Accueil","item":"https:\/\/www.juva.com\/en\/"},{"@type":"ListItem","position":2,"name":"Legal notice"}]},{"@type":"WebSite","@id":"https:\/\/www.juva.com\/#website","url":"https:\/\/www.juva.com\/","name":"Juva Sant\u00e9","description":"Laboratoire ind\u00e9pendant et fran\u00e7ais","potentialAction":[{"@type":"SearchAction","target":{"@type":"EntryPoint","urlTemplate":"https:\/\/www.juva.com\/?s={search_term_string}"},"query-input":{"@type":"PropertyValueSpecification","valueRequired":true,"valueName":"search_term_string"}}],"inLanguage":"en-US"}]}},"_links":{"self":[{"href":"https:\/\/www.juva.com\/en\/wp-json\/wp\/v2\/pages\/1394","targetHints":{"allow":["GET"]}}],"collection":[{"href":"https:\/\/www.juva.com\/en\/wp-json\/wp\/v2\/pages"}],"about":[{"href":"https:\/\/www.juva.com\/en\/wp-json\/wp\/v2\/types\/page"}],"author":[{"embeddable":true,"href":"https:\/\/www.juva.com\/en\/wp-json\/wp\/v2\/users\/1"}],"replies":[{"embeddable":true,"href":"https:\/\/www.juva.com\/en\/wp-json\/wp\/v2\/comments?post=1394"}],"version-history":[{"count":6,"href":"https:\/\/www.juva.com\/en\/wp-json\/wp\/v2\/pages\/1394\/revisions"}],"predecessor-version":[{"id":4512,"href":"https:\/\/www.juva.com\/en\/wp-json\/wp\/v2\/pages\/1394\/revisions\/4512"}],"wp:attachment":[{"href":"https:\/\/www.juva.com\/en\/wp-json\/wp\/v2\/media?parent=1394"}],"curies":[{"name":"wp","href":"https:\/\/api.w.org\/{rel}","templated":true}]}}