{"id":2360,"date":"2021-02-22T14:01:51","date_gmt":"2021-02-22T14:01:51","guid":{"rendered":"https:\/\/www.juva.com\/?page_id=2360"},"modified":"2021-02-22T14:01:51","modified_gmt":"2021-02-22T14:01:51","slug":"justine-freche","status":"publish","type":"page","link":"https:\/\/www.juva.com\/en\/justine-freche\/","title":{"rendered":"Justine FRECHE"},"content":{"rendered":"<div class=\"wpb-content-wrapper\"><p>[vc_row row_height_percent=&#8221;0&#8243; overlay_alpha=&#8221;50&#8243; equal_height=&#8221;yes&#8221; gutter_size=&#8221;3&#8243; column_width_percent=&#8221;100&#8243; shift_y=&#8221;0&#8243; z_index=&#8221;0&#8243;][vc_column column_width_percent=&#8221;75&#8243; position_vertical=&#8221;middle&#8221; gutter_size=&#8221;3&#8243; overlay_alpha=&#8221;50&#8243; shift_x=&#8221;0&#8243; shift_y=&#8221;0&#8243; shift_y_down=&#8221;0&#8243; z_index=&#8221;0&#8243; medium_width=&#8221;0&#8243; mobile_width=&#8221;0&#8243; width=&#8221;1\/4&#8243;][vc_single_image media=&#8221;2338&#8243; media_width_percent=&#8221;100&#8243; media_ratio=&#8221;one-one&#8221; shape=&#8221;img-circle&#8221;][\/vc_column][vc_column column_width_percent=&#8221;100&#8243; position_vertical=&#8221;middle&#8221; gutter_size=&#8221;3&#8243; overlay_alpha=&#8221;50&#8243; shift_x=&#8221;0&#8243; shift_y=&#8221;0&#8243; shift_y_down=&#8221;0&#8243; z_index=&#8221;0&#8243; medium_width=&#8221;0&#8243; mobile_width=&#8221;0&#8243; width=&#8221;3\/4&#8243;][vc_custom_heading text_weight=&#8221;800&#8243; subheading=&#8221;Assistant Financial Controller Intern then Management Controller (CDD)&#8221;]Justine FRECHE[\/vc_custom_heading][\/vc_column][\/vc_row][vc_row][vc_column width=&#8221;1\/1&#8243;][vc_custom_heading heading_semantic=&#8221;div&#8221; text_size=&#8221;&#8221;]<b>Why<\/b> <b>did<\/b> <b>you<\/b> <b>apply<\/b><b> to Laboratoires Juva Sant\u00e9?<\/b><\/p>\n<p>Because the missions seemed very interesting to me and were in line with my learning goals in financial control.<\/p>\n<p>The Happy Trainee label also caught me. It is a company that has strong values and in which I found myself.<\/p>\n<p>The brands have a great reputation on the market and I think that it is ideal to make one\u2019s weapons and to value one\u2019s experience![\/vc_custom_heading][vc_empty_space empty_h=&#8221;1&#8243;][vc_custom_heading heading_semantic=&#8221;div&#8221; text_size=&#8221;&#8221;]<b>Why<\/b> <b>would<\/b> <b>you<\/b> <b>recommend<\/b><b> an <\/b><b>internship<\/b> <b>with<\/b><b> us?<\/b><\/p>\n<p>I would say for the same reasons that motivated me to apply. First, there are evolution perspectives within the Urgo group but also the values of a family business, which are reflected by a certain degree of proximity with the management and with our superiors. This is very much appreciated.<\/p>\n<p>As far as the Financial Control is concerned, it is a closed-knit, dynamic and skilled team which has been able to challenge me on a daily basis et give me the keys to succeed in various missions in a fulfilling work environment.[\/vc_custom_heading][vc_empty_space empty_h=&#8221;1&#8243;][vc_custom_heading heading_semantic=&#8221;div&#8221; text_size=&#8221;&#8221;]<b>To <\/b><b>which<\/b> <b>product<\/b> <b>would<\/b> <b>you<\/b> <b>identify<\/b> <b>with<\/b><b>, and <\/b><b>why<\/b><b>? <\/b><\/p>\n<p>I would say the Ricql\u00e8s\u2019 \u00ab\u00a0alcool de menthe\u00a0\u00bb because I am Justine \u00ab\u00a0Freche\u00a0\u00bb![\/vc_custom_heading][\/vc_column][\/vc_row][vc_row][vc_column width=&#8221;1\/1&#8243;][vc_button size=&#8221;btn-link&#8221; border_width=&#8221;0&#8243; link=&#8221;url:https%3A%2F%2Fwww.juva.com%2Fen%2Fjoin-juva-sante%2F|title:Back%20to%20testimonials&#8221; icon=&#8221;fa fa-arrow-circle-o-left&#8221;]Back to testimonials[\/vc_button][\/vc_column][\/vc_row]<\/p>\n<\/div>","protected":false},"excerpt":{"rendered":"<p>Assistant Financial Controller Intern then Management Controller (CDD)<\/p>\n<p><em>&#8220;The Happy Trainee label also caught me. It is a company that has strong values and in which I found myself.<br \/>\nThe brands have a great reputation on the market and I think that it is ideal to make one\u2019s weapons and to value one\u2019s experience!&#8221;<\/em><\/p>\n","protected":false},"author":1,"featured_media":2339,"parent":0,"menu_order":0,"comment_status":"closed","ping_status":"closed","template":"","meta":{"footnotes":""},"class_list":["post-2360","page","type-page","status-publish","has-post-thumbnail","hentry","page_category-temoignage-en"],"yoast_head":"<!-- This site is optimized with the Yoast SEO plugin v26.8 - https:\/\/yoast.com\/product\/yoast-seo-wordpress\/ -->\n<title>Justine FRECHE - Juva Sant\u00e9<\/title>\n<meta name=\"robots\" content=\"index, follow, max-snippet:-1, max-image-preview:large, max-video-preview:-1\" \/>\n<link rel=\"canonical\" href=\"https:\/\/www.juva.com\/justine-freche\/\" \/>\n<meta property=\"og:locale\" content=\"en_US\" \/>\n<meta property=\"og:type\" content=\"article\" \/>\n<meta property=\"og:title\" content=\"Justine FRECHE - Juva Sant\u00e9\" \/>\n<meta property=\"og:description\" content=\"Assistant Financial Controller Intern then Management Controller (CDD) &quot;The Happy Trainee label also caught me. It is a company that has strong values and in which I found myself. The brands have a great reputation on the market and I think that it is ideal to make one\u2019s weapons and to value one\u2019s experience!&quot;\" \/>\n<meta property=\"og:url\" content=\"https:\/\/www.juva.com\/justine-freche\/\" \/>\n<meta property=\"og:site_name\" content=\"Juva Sant\u00e9\" \/>\n<meta property=\"og:image\" content=\"https:\/\/www.juva.com\/wp-content\/uploads\/2021\/02\/Justine-Freche-1.jpg\" \/>\n\t<meta property=\"og:image:width\" content=\"1000\" \/>\n\t<meta property=\"og:image:height\" content=\"967\" \/>\n\t<meta property=\"og:image:type\" content=\"image\/jpeg\" \/>\n<meta name=\"twitter:card\" content=\"summary_large_image\" \/>\n<meta name=\"twitter:label1\" content=\"Est. reading time\" \/>\n\t<meta name=\"twitter:data1\" content=\"2 minutes\" \/>\n<script type=\"application\/ld+json\" class=\"yoast-schema-graph\">{\"@context\":\"https:\/\/schema.org\",\"@graph\":[{\"@type\":\"WebPage\",\"@id\":\"https:\/\/www.juva.com\/justine-freche\/\",\"url\":\"https:\/\/www.juva.com\/justine-freche\/\",\"name\":\"Justine FRECHE - Juva Sant\u00e9\",\"isPartOf\":{\"@id\":\"https:\/\/www.juva.com\/#website\"},\"primaryImageOfPage\":{\"@id\":\"https:\/\/www.juva.com\/justine-freche\/#primaryimage\"},\"image\":{\"@id\":\"https:\/\/www.juva.com\/justine-freche\/#primaryimage\"},\"thumbnailUrl\":\"https:\/\/www.juva.com\/wp-content\/uploads\/2021\/02\/Justine-Freche-1.jpg\",\"datePublished\":\"2021-02-22T14:01:51+00:00\",\"breadcrumb\":{\"@id\":\"https:\/\/www.juva.com\/justine-freche\/#breadcrumb\"},\"inLanguage\":\"en-US\",\"potentialAction\":[{\"@type\":\"ReadAction\",\"target\":[\"https:\/\/www.juva.com\/justine-freche\/\"]}]},{\"@type\":\"ImageObject\",\"inLanguage\":\"en-US\",\"@id\":\"https:\/\/www.juva.com\/justine-freche\/#primaryimage\",\"url\":\"https:\/\/www.juva.com\/wp-content\/uploads\/2021\/02\/Justine-Freche-1.jpg\",\"contentUrl\":\"https:\/\/www.juva.com\/wp-content\/uploads\/2021\/02\/Justine-Freche-1.jpg\",\"width\":1000,\"height\":967},{\"@type\":\"BreadcrumbList\",\"@id\":\"https:\/\/www.juva.com\/justine-freche\/#breadcrumb\",\"itemListElement\":[{\"@type\":\"ListItem\",\"position\":1,\"name\":\"Accueil\",\"item\":\"https:\/\/www.juva.com\/en\/\"},{\"@type\":\"ListItem\",\"position\":2,\"name\":\"Justine FRECHE\"}]},{\"@type\":\"WebSite\",\"@id\":\"https:\/\/www.juva.com\/#website\",\"url\":\"https:\/\/www.juva.com\/\",\"name\":\"Juva Sant\u00e9\",\"description\":\"Laboratoire ind\u00e9pendant et fran\u00e7ais\",\"potentialAction\":[{\"@type\":\"SearchAction\",\"target\":{\"@type\":\"EntryPoint\",\"urlTemplate\":\"https:\/\/www.juva.com\/?s={search_term_string}\"},\"query-input\":{\"@type\":\"PropertyValueSpecification\",\"valueRequired\":true,\"valueName\":\"search_term_string\"}}],\"inLanguage\":\"en-US\"}]}<\/script>\n<!-- \/ Yoast SEO plugin. -->","yoast_head_json":{"title":"Justine FRECHE - Juva Sant\u00e9","robots":{"index":"index","follow":"follow","max-snippet":"max-snippet:-1","max-image-preview":"max-image-preview:large","max-video-preview":"max-video-preview:-1"},"canonical":"https:\/\/www.juva.com\/justine-freche\/","og_locale":"en_US","og_type":"article","og_title":"Justine FRECHE - Juva Sant\u00e9","og_description":"Assistant Financial Controller Intern then Management Controller (CDD) \"The Happy Trainee label also caught me. It is a company that has strong values and in which I found myself. The brands have a great reputation on the market and I think that it is ideal to make one\u2019s weapons and to value one\u2019s experience!\"","og_url":"https:\/\/www.juva.com\/justine-freche\/","og_site_name":"Juva Sant\u00e9","og_image":[{"width":1000,"height":967,"url":"https:\/\/www.juva.com\/wp-content\/uploads\/2021\/02\/Justine-Freche-1.jpg","type":"image\/jpeg"}],"twitter_card":"summary_large_image","twitter_misc":{"Est. reading time":"2 minutes"},"schema":{"@context":"https:\/\/schema.org","@graph":[{"@type":"WebPage","@id":"https:\/\/www.juva.com\/justine-freche\/","url":"https:\/\/www.juva.com\/justine-freche\/","name":"Justine FRECHE - Juva Sant\u00e9","isPartOf":{"@id":"https:\/\/www.juva.com\/#website"},"primaryImageOfPage":{"@id":"https:\/\/www.juva.com\/justine-freche\/#primaryimage"},"image":{"@id":"https:\/\/www.juva.com\/justine-freche\/#primaryimage"},"thumbnailUrl":"https:\/\/www.juva.com\/wp-content\/uploads\/2021\/02\/Justine-Freche-1.jpg","datePublished":"2021-02-22T14:01:51+00:00","breadcrumb":{"@id":"https:\/\/www.juva.com\/justine-freche\/#breadcrumb"},"inLanguage":"en-US","potentialAction":[{"@type":"ReadAction","target":["https:\/\/www.juva.com\/justine-freche\/"]}]},{"@type":"ImageObject","inLanguage":"en-US","@id":"https:\/\/www.juva.com\/justine-freche\/#primaryimage","url":"https:\/\/www.juva.com\/wp-content\/uploads\/2021\/02\/Justine-Freche-1.jpg","contentUrl":"https:\/\/www.juva.com\/wp-content\/uploads\/2021\/02\/Justine-Freche-1.jpg","width":1000,"height":967},{"@type":"BreadcrumbList","@id":"https:\/\/www.juva.com\/justine-freche\/#breadcrumb","itemListElement":[{"@type":"ListItem","position":1,"name":"Accueil","item":"https:\/\/www.juva.com\/en\/"},{"@type":"ListItem","position":2,"name":"Justine FRECHE"}]},{"@type":"WebSite","@id":"https:\/\/www.juva.com\/#website","url":"https:\/\/www.juva.com\/","name":"Juva Sant\u00e9","description":"Laboratoire ind\u00e9pendant et fran\u00e7ais","potentialAction":[{"@type":"SearchAction","target":{"@type":"EntryPoint","urlTemplate":"https:\/\/www.juva.com\/?s={search_term_string}"},"query-input":{"@type":"PropertyValueSpecification","valueRequired":true,"valueName":"search_term_string"}}],"inLanguage":"en-US"}]}},"_links":{"self":[{"href":"https:\/\/www.juva.com\/en\/wp-json\/wp\/v2\/pages\/2360","targetHints":{"allow":["GET"]}}],"collection":[{"href":"https:\/\/www.juva.com\/en\/wp-json\/wp\/v2\/pages"}],"about":[{"href":"https:\/\/www.juva.com\/en\/wp-json\/wp\/v2\/types\/page"}],"author":[{"embeddable":true,"href":"https:\/\/www.juva.com\/en\/wp-json\/wp\/v2\/users\/1"}],"replies":[{"embeddable":true,"href":"https:\/\/www.juva.com\/en\/wp-json\/wp\/v2\/comments?post=2360"}],"version-history":[{"count":1,"href":"https:\/\/www.juva.com\/en\/wp-json\/wp\/v2\/pages\/2360\/revisions"}],"predecessor-version":[{"id":2364,"href":"https:\/\/www.juva.com\/en\/wp-json\/wp\/v2\/pages\/2360\/revisions\/2364"}],"wp:featuredmedia":[{"embeddable":true,"href":"https:\/\/www.juva.com\/en\/wp-json\/wp\/v2\/media\/2339"}],"wp:attachment":[{"href":"https:\/\/www.juva.com\/en\/wp-json\/wp\/v2\/media?parent=2360"}],"curies":[{"name":"wp","href":"https:\/\/api.w.org\/{rel}","templated":true}]}}